{"id":466,"date":"2024-06-09T17:57:12","date_gmt":"2024-06-09T15:57:12","guid":{"rendered":"http:\/\/psychotraumatolog-lubelskie.pl\/?page_id=466"},"modified":"2024-06-09T18:15:54","modified_gmt":"2024-06-09T16:15:54","slug":"polecani-specjalisci","status":"publish","type":"page","link":"https:\/\/psychotraumatolog-lubelskie.pl\/?page_id=466","title":{"rendered":"Polecani specjali\u015bci"},"content":{"rendered":"<h3 style=\"text-align: center;\"><em><strong>Je\u015bli poszukuj\u0105 Pa\u0144stwo innych specjalist\u00f3w mog\u0119 poleci\u0107:<\/strong><\/em><\/h3>\n<h2 style=\"text-align: center;\"><em>TERAPEUCI:<\/em><\/h2>\n<h6><\/h6>\n<h2 style=\"text-align: center;\"><em><strong>Katarzyna Urbaniak <\/strong><\/em><\/h2>\n<h2 style=\"text-align: center;\"><em><strong>603-744-899 <\/strong><\/em><\/h2>\n<h2 style=\"text-align: center;\"><em><strong>(Warszawa)<\/strong><\/em><\/h2>\n<p style=\"text-align: center;\"><strong><em>\u00a0Psycholog, psychotraumatolog, terapeuta EMDR oraz Brainspotting.<\/em><\/strong><\/p>\n<p style=\"text-align: center;\">Pani Kasia jest wyj\u0105tkow\u0105 osob\u0105, stale rozwijaj\u0105c\u0105 si\u0119, aby lepiej pomaga\u0107 swoim pacjentom.<\/p>\n<p style=\"text-align: center;\">Bardzo empatyczna, zaanga\u017cowana w drugiego cz\u0142owieka, ciep\u0142a, szczera i otwarta.<\/p>\n<p style=\"text-align: center;\">Potrafi my\u015ble\u0107 nieszablonowo oraz by\u0107 przy osobie, kt\u00f3ra potrzebuje jej wsparcia.<\/p>\n<p>&nbsp;<\/p>\n<h2 style=\"text-align: center;\"><em><strong>Aleksandra Anna <\/strong><\/em><\/h2>\n<h2 style=\"text-align: center;\"><em><strong>Suchocka-Zakrzewska <\/strong><\/em><\/h2>\n<h2 style=\"text-align: center;\"><em><strong>501-651-652 <\/strong><\/em><\/h2>\n<h2 style=\"text-align: center;\"><em><strong>(Che\u0142m)<\/strong><\/em><\/h2>\n<p style=\"text-align: center;\"><strong><em>\u00a0Practitioner EMDR, psycholog, specjalista psychoterapii uzale\u017cnie\u0144, psychotraumatolog.<\/em><\/strong><\/p>\n<p style=\"text-align: center;\">Pani\u0105 Ol\u0119 doceniam za do\u015bwiadczenie, zaanga\u017cowanie w prac\u0119 z pacjentem oraz d\u0105\u017cenie do samorozwoju.<\/p>\n<p style=\"text-align: center;\">Jest empatyczna, zaanga\u017cowana, opieku\u0144cza, profesjonalna.<\/p>\n<h3 style=\"text-align: center;\"><strong><a href=\"http:\/\/www.aleksandrasuchockapsychoterapia.pl\/index.php\/kontakt\/\">http:\/\/www.aleksandrasuchockapsychoterapia.pl\/index.php\/kontakt\/<\/a><\/strong><\/h3>\n<p>&nbsp;<\/p>\n<h2 style=\"text-align: center;\"><em><strong>Maciej Jarz\u0119bski <\/strong><\/em><\/h2>\n<h2 style=\"text-align: center;\"><em><strong>883-377-771 <\/strong><\/em><\/h2>\n<h2 style=\"text-align: center;\"><em><strong>(Skierniewice, Warszawa)<\/strong><\/em><\/h2>\n<p style=\"text-align: center;\"><em><strong>Certyfikowany terapeuta EMDR, Magister psychologii ze specjalno\u015bci\u0105 z psychologii klinicznej, Uczestnik Polskiego Towarzystwa Terapii EMDR<\/strong><\/em><\/p>\n<p style=\"text-align: center;\">Pan Maciej w swej pracy wyj\u0105tkowo imponuje mi swoj\u0105 dociekliwo\u015bci\u0105, wnikliwo\u015bci\u0105 i ciekawo\u015bci\u0105.<\/p>\n<p style=\"text-align: center;\">Zaanga\u017cowanie w prac\u0119 z pacjentem i etyka, kt\u00f3r\u0105 kieruje si\u0119 w swojej pracy jest godna na\u015bladowania.<\/p>\n<p style=\"text-align: center;\">Jest osob\u0105, kt\u00f3ra stale studiuje aktualne publikacje \u015bwiatowych autorytet\u00f3w z dziedziny psychoterapii traumy by lepiej pomaga\u0107 swoim pacjentom.<\/p>\n<h3 style=\"text-align: center;\"><a href=\"https:\/\/maciejjarzebski.pl\/\">https:\/\/maciejjarzebski.pl\/<\/a><\/h3>\n<p>&nbsp;<\/p>\n<h2 style=\"text-align: center;\"><strong><em>Damian Michalewicz<\/em><\/strong><\/h2>\n<h2 style=\"text-align: center;\"><strong><em>(Warszawa)<\/em><\/strong><\/h2>\n<h2 style=\"text-align: center;\"><em>572-810-901\u00a0<\/em><\/h2>\n<p style=\"text-align: center;\"><em><strong>Psycholog, Terapeuta EMDR, praktyk Terapii Skoncentrowanej na Rozwi\u0105zaniach<\/strong><\/em><\/p>\n<p style=\"text-align: center;\">W panu Damianie bardzo doceniam jego si\u0142\u0119, determinacj\u0119, zaanga\u017cowanie w d\u0105\u017ceniu do celu oraz po\u015bwi\u0119cenie w pracy z pacjentem.<\/p>\n<p style=\"text-align: center;\">My\u015bl\u0119, \u017ce jego zaci\u0119cie w zdobywaniu nowej wiedzy gwarantuje jego pacjentom najlepsz\u0105 opiek\u0119 w procesie terapeutycznym.<\/p>\n<h3 style=\"text-align: center;\"><a href=\"https:\/\/damianmichalewicz.com\/\">https:\/\/damianmichalewicz.com\/\u00a0<\/a><\/h3>\n<p>&nbsp;<\/p>\n<h2>INNI SPECJALI\u015aCI:<\/h2>\n<h2 class=\"font_0 wixui-rich-text__text\" style=\"text-align: center;\"><span class=\"color_30 wixui-rich-text__text\"><span class=\"wixui-rich-text__text\">Marta Jarosiewicz<\/span><\/span><\/h2>\n<h2 style=\"text-align: center;\"><em><strong>(Warszawa)<\/strong><\/em><\/h2>\n<h2 style=\"text-align: center;\"><em><strong>731-108-360<\/strong><\/em><\/h2>\n<h4 class=\"font_4 wixui-rich-text__text\" style=\"text-align: center;\"><span class=\"color_30 wixui-rich-text__text\">Metodyk Program\u00f3w Korekcji Dysleksji Davisa<\/span><\/h4>\n<h4 class=\"font_7 wixui-rich-text__text\" style=\"text-align: center;\"><strong><span class=\"wixui-rich-text__text\">Cz\u0142onek Davis Learning Foundation w Wielkiej Brytanii.<\/span><\/strong><\/h4>\n<p style=\"text-align: center;\">W Pani Marcie podziwiam inteligencj\u0119, aktywno\u015b\u0107, indywidualne podej\u015bcie do klienta oraz cierpliwo\u015b\u0107 i wyrozumia\u0142o\u015b\u0107.<\/p>\n<p style=\"text-align: center;\">Uwa\u017cam, \u017ce je\u015bli jest co\u015b do zrobienia, czego nie da si\u0119 zrobi\u0107, to Pani Marta jeszcze tego nie pr\u00f3bowa\u0142a \ud83d\ude09<\/p>\n<p style=\"text-align: center;\">Niemo\u017cliwe za\u0142atwia od r\u0119ki, na cuda trzeba troch\u0119 poczeka\u0107.<\/p>\n<h3 style=\"text-align: center;\"><a href=\"https:\/\/www.dysleksjapodkontrola.pl\/\">https:\/\/www.dysleksjapodkontrola.pl\/<\/a><\/h3>\n<p>&nbsp;<\/p>\n<p style=\"text-align: center;\">\n","protected":false},"excerpt":{"rendered":"<p>Je\u015bli poszukuj\u0105 Pa\u0144stwo innych specjalist\u00f3w mog\u0119 poleci\u0107: TERAPEUCI: Katarzyna Urbaniak 603-744-899 (Warszawa) \u00a0Psycholog, psychotraumatolog, terapeuta EMDR oraz Brainspotting. Pani Kasia jest wyj\u0105tkow\u0105 osob\u0105, stale rozwijaj\u0105c\u0105 si\u0119, aby lepiej pomaga\u0107 swoim pacjentom. Bardzo empatyczna, zaanga\u017cowana w drugiego cz\u0142owieka, ciep\u0142a, szczera i otwarta. Potrafi my\u015ble\u0107 nieszablonowo oraz by\u0107 przy osobie, kt\u00f3ra potrzebuje jej wsparcia. &nbsp; Aleksandra Anna [&hellip;]<\/p>\n","protected":false},"author":1,"featured_media":0,"parent":0,"menu_order":0,"comment_status":"closed","ping_status":"closed","template":"","meta":{"footnotes":""},"_links":{"self":[{"href":"https:\/\/psychotraumatolog-lubelskie.pl\/index.php?rest_route=\/wp\/v2\/pages\/466"}],"collection":[{"href":"https:\/\/psychotraumatolog-lubelskie.pl\/index.php?rest_route=\/wp\/v2\/pages"}],"about":[{"href":"https:\/\/psychotraumatolog-lubelskie.pl\/index.php?rest_route=\/wp\/v2\/types\/page"}],"author":[{"embeddable":true,"href":"https:\/\/psychotraumatolog-lubelskie.pl\/index.php?rest_route=\/wp\/v2\/users\/1"}],"replies":[{"embeddable":true,"href":"https:\/\/psychotraumatolog-lubelskie.pl\/index.php?rest_route=%2Fwp%2Fv2%2Fcomments&post=466"}],"version-history":[{"count":3,"href":"https:\/\/psychotraumatolog-lubelskie.pl\/index.php?rest_route=\/wp\/v2\/pages\/466\/revisions"}],"predecessor-version":[{"id":471,"href":"https:\/\/psychotraumatolog-lubelskie.pl\/index.php?rest_route=\/wp\/v2\/pages\/466\/revisions\/471"}],"wp:attachment":[{"href":"https:\/\/psychotraumatolog-lubelskie.pl\/index.php?rest_route=%2Fwp%2Fv2%2Fmedia&parent=466"}],"curies":[{"name":"wp","href":"https:\/\/api.w.org\/{rel}","templated":true}]}}