{"id":183,"date":"2018-10-02T13:13:32","date_gmt":"2018-10-02T11:13:32","guid":{"rendered":"http:\/\/psychotraumatolog-lubelskie.pl\/?page_id=183"},"modified":"2019-05-12T18:57:48","modified_gmt":"2019-05-12T16:57:48","slug":"gabinet-dzisiaj-i-terapia-emdr","status":"publish","type":"page","link":"https:\/\/psychotraumatolog-lubelskie.pl\/?page_id=183","title":{"rendered":"GABINET DZISIAJ"},"content":{"rendered":"<p><img loading=\"lazy\" decoding=\"async\" class=\"size-medium wp-image-151 alignleft\" src=\"http:\/\/psychotraumatolog-lubelskie.pl\/wp-content\/uploads\/2018\/09\/be-of-those-who-lend-a-hand-where-they-can-894377512-5b28235204d1cf0036211c98-300x200.jpg\" alt=\"\" width=\"300\" height=\"200\" srcset=\"https:\/\/psychotraumatolog-lubelskie.pl\/wp-content\/uploads\/2018\/09\/be-of-those-who-lend-a-hand-where-they-can-894377512-5b28235204d1cf0036211c98-300x200.jpg 300w, https:\/\/psychotraumatolog-lubelskie.pl\/wp-content\/uploads\/2018\/09\/be-of-those-who-lend-a-hand-where-they-can-894377512-5b28235204d1cf0036211c98-768x513.jpg 768w, https:\/\/psychotraumatolog-lubelskie.pl\/wp-content\/uploads\/2018\/09\/be-of-those-who-lend-a-hand-where-they-can-894377512-5b28235204d1cf0036211c98-1024x683.jpg 1024w, https:\/\/psychotraumatolog-lubelskie.pl\/wp-content\/uploads\/2018\/09\/be-of-those-who-lend-a-hand-where-they-can-894377512-5b28235204d1cf0036211c98-750x501.jpg 750w\" sizes=\"(max-width: 300px) 100vw, 300px\" \/><\/p>\n<p style=\"text-align: center;\">Gabinet <strong>Dzisiaj<\/strong>\u00a0zosta\u0142 stworzony z my\u015bl\u0105 o pracy z osobami, kt\u00f3re maj\u0105 problem z byciem, czuciem i pe\u0142nym prze\u017cywaniem dnia dzisiejszego. Z my\u015bl\u0105 o osobach, kt\u00f3rych przesz\u0142o\u015b\u0107 tak mocno wp\u0142ywa na tera\u017aniejszo\u015b\u0107, \u017ce nie s\u0105 w stanie z nadziej\u0105 my\u015ble\u0107 o przysz\u0142o\u015bci. Dzi\u0119ki terapii, kt\u00f3r\u0105 proponuj\u0119 moim klientom, jeste\u015bmy w stanie pozby\u0107 si\u0119 l\u0119ku przed przesz\u0142o\u015bci\u0105, oswoi\u0107 tera\u017aniejszo\u015b\u0107 i &#8222;sprawdzi\u0107&#8221; si\u0119 w przysz\u0142o\u015bci. Terapia, kt\u00f3r\u0105 proponuj\u0119 to EMDR.<\/p>\n<p style=\"text-align: center;\">Zapraszam wszystkich na wsp\u00f3ln\u0105 podr\u00f3\u017c z terapi\u0105 EMDR<\/p>\n<p style=\"text-align: right;\">Maria Pataj Suchecka<\/p>\n","protected":false},"excerpt":{"rendered":"<p>Gabinet Dzisiaj\u00a0zosta\u0142 stworzony z my\u015bl\u0105 o pracy z osobami, kt\u00f3re maj\u0105 problem z byciem, czuciem i pe\u0142nym prze\u017cywaniem dnia dzisiejszego. Z my\u015bl\u0105 o osobach, kt\u00f3rych przesz\u0142o\u015b\u0107 tak mocno wp\u0142ywa na tera\u017aniejszo\u015b\u0107, \u017ce nie s\u0105 w stanie z nadziej\u0105 my\u015ble\u0107 o przysz\u0142o\u015bci. Dzi\u0119ki terapii, kt\u00f3r\u0105 proponuj\u0119 moim klientom, jeste\u015bmy w stanie pozby\u0107 si\u0119 l\u0119ku przed przesz\u0142o\u015bci\u0105, [&hellip;]<\/p>\n","protected":false},"author":1,"featured_media":332,"parent":0,"menu_order":0,"comment_status":"closed","ping_status":"closed","template":"","meta":{"footnotes":""},"_links":{"self":[{"href":"https:\/\/psychotraumatolog-lubelskie.pl\/index.php?rest_route=\/wp\/v2\/pages\/183"}],"collection":[{"href":"https:\/\/psychotraumatolog-lubelskie.pl\/index.php?rest_route=\/wp\/v2\/pages"}],"about":[{"href":"https:\/\/psychotraumatolog-lubelskie.pl\/index.php?rest_route=\/wp\/v2\/types\/page"}],"author":[{"embeddable":true,"href":"https:\/\/psychotraumatolog-lubelskie.pl\/index.php?rest_route=\/wp\/v2\/users\/1"}],"replies":[{"embeddable":true,"href":"https:\/\/psychotraumatolog-lubelskie.pl\/index.php?rest_route=%2Fwp%2Fv2%2Fcomments&post=183"}],"version-history":[{"count":11,"href":"https:\/\/psychotraumatolog-lubelskie.pl\/index.php?rest_route=\/wp\/v2\/pages\/183\/revisions"}],"predecessor-version":[{"id":284,"href":"https:\/\/psychotraumatolog-lubelskie.pl\/index.php?rest_route=\/wp\/v2\/pages\/183\/revisions\/284"}],"wp:featuredmedia":[{"embeddable":true,"href":"https:\/\/psychotraumatolog-lubelskie.pl\/index.php?rest_route=\/wp\/v2\/media\/332"}],"wp:attachment":[{"href":"https:\/\/psychotraumatolog-lubelskie.pl\/index.php?rest_route=%2Fwp%2Fv2%2Fmedia&parent=183"}],"curies":[{"name":"wp","href":"https:\/\/api.w.org\/{rel}","templated":true}]}}