{"id":157,"date":"2018-09-14T13:34:34","date_gmt":"2018-09-14T11:34:34","guid":{"rendered":"http:\/\/psychotraumatolog-lubelskie.pl\/?page_id=157"},"modified":"2023-11-06T19:37:48","modified_gmt":"2023-11-06T18:37:48","slug":"o-mnie","status":"publish","type":"page","link":"https:\/\/psychotraumatolog-lubelskie.pl\/?page_id=157","title":{"rendered":"O mnie"},"content":{"rendered":"<p style=\"text-align: center;\">Nazywam si\u0119<\/p>\n<p style=\"text-align: center;\"><strong>Maria Pataj-Suchecka<\/strong>,<\/p>\n<p style=\"text-align: center;\"><img loading=\"lazy\" decoding=\"async\" class=\"size-medium wp-image-175 alignnone\" src=\"http:\/\/psychotraumatolog-lubelskie.pl\/wp-content\/uploads\/2018\/09\/DSC_0196-239x300.jpg\" alt=\"\" width=\"239\" height=\"300\" srcset=\"https:\/\/psychotraumatolog-lubelskie.pl\/wp-content\/uploads\/2018\/09\/DSC_0196-239x300.jpg 239w, https:\/\/psychotraumatolog-lubelskie.pl\/wp-content\/uploads\/2018\/09\/DSC_0196-768x965.jpg 768w, https:\/\/psychotraumatolog-lubelskie.pl\/wp-content\/uploads\/2018\/09\/DSC_0196-815x1024.jpg 815w, https:\/\/psychotraumatolog-lubelskie.pl\/wp-content\/uploads\/2018\/09\/DSC_0196-750x943.jpg 750w\" sizes=\"(max-width: 239px) 100vw, 239px\" \/><\/p>\n<p style=\"text-align: center;\">jestem <strong>psychologiem<\/strong> (uko\u0144czy\u0142am Uniwersytet Humanistycznospo\u0142eczny SWPS w Warszawie z wyr\u00f3\u017cnieniem), <strong>psychotraumatologiem<\/strong>, <strong>certyfikowanym psychoterapeut\u0105 EMDR <\/strong>oraz<strong> certyfikowanym terapeut\u0105 poznawczo-behawioralnym <\/strong>(uko\u0144czy\u0142am pierwszy etap dwustopniowych, czteroletnich studi\u00f3w podyplomowych Szko\u0142y Psychoterapii Poznawczo-Behawioralnej Uniwersytetu SWPS pod kierownictwem dr Agnieszki Popiel i Dr Ewy Prag\u0142owskiej z wynikiem celuj\u0105cym).<\/p>\n<p style=\"text-align: center;\">W swojej pracy stosuj\u0119 tak\u017ce <strong>Procedur\u0119 Przed\u0142u\u017conej Ekspozycji<\/strong>, <strong>Ekspozycyjn\u0105 Terapi\u0119 Narracyjna<\/strong>, oraz <strong>Procedur\u0119 Przetwarzania Poznawczego<\/strong>.\u00a0 Jestem cz\u0142onkini\u0105 Polskiego Towarzystwa Terapii EMDR oraz bior\u0119 udzia\u0142 w konferencjach naukowych. Uko\u0144czy\u0142am terapi\u0119 w\u0142asn\u0105 oraz jestem pod sta\u0142\u0105 superwizj\u0105.<\/p>\n<p>&nbsp;<\/p>\n<p style=\"text-align: left;\"><strong>Uko\u0144czy\u0142am szkolenia o tematyce:<\/strong><\/p>\n<ul style=\"text-align: center;\">\n<li style=\"text-align: left;\">Testy apercepcji tematycznej<\/li>\n<li style=\"text-align: left;\">Dialog motywuj\u0105cy<\/li>\n<li style=\"text-align: left;\">Genogram<\/li>\n<li style=\"text-align: left;\">Komunikacja niewerbalna<\/li>\n<li style=\"text-align: left;\">Interwencja w sytuacjach nag\u0142ych<\/li>\n<li style=\"text-align: left;\">Trauma wczesnodzieci\u0119ca i zaburzenia dysocjacyjne<\/li>\n<li style=\"text-align: left;\">I i II stopie\u0144 szkolenia podstawowego EMDR Europe<\/li>\n<li style=\"text-align: left;\">Interwencje w sytuacjach nag\u0142ych &#8211; pr\u00f3by samob\u00f3jcze, epizody psychotyczne<\/li>\n<li style=\"text-align: left;\">Neurobiologiczne ukierunkowanie terapii EMDR w leczeniu depresji<\/li>\n<li style=\"text-align: left;\">Trauma z\u0142o\u017cona w podej\u015bciu EMDR<\/li>\n<li style=\"text-align: left;\">&#8222;Kogo w sobie szukamy&#8221; &#8211; dysocjacja i asocjacja &#8211; praca z cz\u0119\u015bciami osobowo\u015bci<\/li>\n<li style=\"text-align: left;\">Rozpoznawanie zaburze\u0144 dysocjacyjnych<\/li>\n<li style=\"text-align: left;\">Pacjent z zespo\u0142em zaburze\u0144 wi\u0119zi i traumatyzuj\u0105cym do\u015bwiadczeniem r\u00f3\u017cnych nadu\u017cy\u0107 &#8211; post\u0119powanie diagnostyczne i terapeutyczne na etapie konsultacji oraz leczenia<\/li>\n<li style=\"text-align: left;\">EMDR &#8211; Leczenie z\u0142o\u017conych zaburze\u0144 pourazowych (faza I)<\/li>\n<li style=\"text-align: left;\">EMDR i ci\u0119\u017cka choroba psychiczna<\/li>\n<li style=\"text-align: left;\">Terapia EMDR w pracy z parami<\/li>\n<li style=\"text-align: left;\">Terapia EMDR w pracy z dzie\u0107mi<\/li>\n<li style=\"text-align: left;\">Tajemnice okaleczonego soma i psyche-\u00a0 zachowania autoagresywne, kompleksowy model pomocy.<\/li>\n<li style=\"text-align: left;\">Traumy interpersonalne w terapii EMDR &#8211; Dr Anna Rita Verardo<\/li>\n<li style=\"text-align: left;\">Trauma z\u0142o\u017cona w terapii EMDR &#8211; Dolores Mosquera<\/li>\n<li style=\"text-align: left;\">Konferencja ESTD pt: Trauma i dysocjacja: dzieci, m\u0142odzie\u017c, rodzina<\/li>\n<li style=\"text-align: left;\">Diagnozowanie zaburze\u0144 dysocjacyjnych u dzieci i m\u0142odzie\u017cy &#8211; Renee Marks<\/li>\n<li style=\"text-align: left;\">Rozw\u00f3j traumatyczny a choroba. EMDR w Psychoonkologii, most pomi\u0119dzy umys\u0142em a cia\u0142em &#8211; Elisa Faretta<\/li>\n<li style=\"text-align: left;\">Pokonywanie i zarz\u0105dzanie strat\u0105. Jak stosowa\u0107 EMDR w klinicznym podej\u015bciu do \u017ca\u0142oby &#8211; Antonio Onofri<\/li>\n<li style=\"text-align: left;\">Trauma z\u0142o\u017cona, dysocjacja i EMDR &#8211; Dr Anabel Gonzalez<\/li>\n<li style=\"text-align: left;\">EMDR w terapii zaburze\u0144 dysocjacyjnych. Podej\u015bcie progresywne &#8211; Dolores Mosquera<\/li>\n<li style=\"text-align: left;\">Leczenie zaburze\u0144 od\u017cywiania za pomoc\u0105 terapii EMDR &#8211; Natalia Seijo<\/li>\n<li style=\"text-align: left;\">Praca w podej\u015bciu EMDR w przypadku samookalecze\u0144 i tendencji Samob\u00f3jczych &#8211; Dolores Mosquera<\/li>\n<li style=\"text-align: left;\">EMDR w leczeniu depresji &#8211; Luca Ostacoli 2021<\/li>\n<li style=\"text-align: left;\">EMDR w pracy z parami &#8211; Rita Verardo<\/li>\n<li style=\"text-align: left;\">Doro\u015bli w spektrum autyzmu &#8211; Agnieszka Szadurska-Prokopiuk<\/li>\n<li style=\"text-align: left;\">Terapia EMDR w zaburzeniach depresyjnych: trudno\u015bci zwi\u0105zane z do\u015bwiadczeniami separacji i zaniedbania w dzieci\u0144stwie, zaburzenia dwubiegunowe &#8211; Luca Ostacoli<\/li>\n<li style=\"text-align: left;\">Integracyjna psychoterapia C-PTSD i zaburze\u0144 dysocjacyjnych Kathy Steele<\/li>\n<li style=\"text-align: left;\">Konferencja EMDR Valencja<\/li>\n<li style=\"text-align: left;\">Brainspotting level 1<\/li>\n<li style=\"text-align: left;\">Wydarzenia traumatyczne a choroba: EMDR w psychoonkologii &#8211; Faretta Elisa<\/li>\n<li style=\"text-align: left;\">Zastosowanie EMDR w pracy z dzie\u0107mi i m\u0142odzie\u017c\u0105 &#8211; poziom I Anna Rita Verardo<\/li>\n<li style=\"text-align: left;\">Zastosowanie EMDR w pracy z dzie\u0107mi i m\u0142odzie\u017c\u0105 &#8211; poziom II Anna Rita Verardo<\/li>\n<li style=\"text-align: left;\">Uwalnianie od traumy transgeneracyjnej poprzez EMDR &#8211; Helene Dellucci<\/li>\n<li style=\"text-align: left;\">Terapia EMDR &#8211; praca z ofiarami przemocy domowej &#8211; Dolores Mosquera<\/li>\n<li style=\"text-align: left;\">Zastosowanie EMDR w pracy z pacjentami z zaburzeniem obsesyjno-kompulsyjnym &#8211; Elisa Faretta<\/li>\n<\/ul>\n<p style=\"text-align: center;\">Prywatnie jestem m\u0119\u017catk\u0105 oraz matk\u0105 nastolatka.<\/p>\n","protected":false},"excerpt":{"rendered":"<p>Nazywam si\u0119 Maria Pataj-Suchecka, jestem psychologiem (uko\u0144czy\u0142am Uniwersytet Humanistycznospo\u0142eczny SWPS w Warszawie z wyr\u00f3\u017cnieniem), psychotraumatologiem, certyfikowanym psychoterapeut\u0105 EMDR oraz certyfikowanym terapeut\u0105 poznawczo-behawioralnym (uko\u0144czy\u0142am pierwszy etap dwustopniowych, czteroletnich studi\u00f3w podyplomowych Szko\u0142y Psychoterapii Poznawczo-Behawioralnej Uniwersytetu SWPS pod kierownictwem dr Agnieszki Popiel i Dr Ewy Prag\u0142owskiej z wynikiem celuj\u0105cym). W swojej pracy stosuj\u0119 tak\u017ce Procedur\u0119 Przed\u0142u\u017conej Ekspozycji, Ekspozycyjn\u0105 [&hellip;]<\/p>\n","protected":false},"author":1,"featured_media":0,"parent":0,"menu_order":0,"comment_status":"closed","ping_status":"closed","template":"","meta":{"footnotes":""},"_links":{"self":[{"href":"https:\/\/psychotraumatolog-lubelskie.pl\/index.php?rest_route=\/wp\/v2\/pages\/157"}],"collection":[{"href":"https:\/\/psychotraumatolog-lubelskie.pl\/index.php?rest_route=\/wp\/v2\/pages"}],"about":[{"href":"https:\/\/psychotraumatolog-lubelskie.pl\/index.php?rest_route=\/wp\/v2\/types\/page"}],"author":[{"embeddable":true,"href":"https:\/\/psychotraumatolog-lubelskie.pl\/index.php?rest_route=\/wp\/v2\/users\/1"}],"replies":[{"embeddable":true,"href":"https:\/\/psychotraumatolog-lubelskie.pl\/index.php?rest_route=%2Fwp%2Fv2%2Fcomments&post=157"}],"version-history":[{"count":41,"href":"https:\/\/psychotraumatolog-lubelskie.pl\/index.php?rest_route=\/wp\/v2\/pages\/157\/revisions"}],"predecessor-version":[{"id":450,"href":"https:\/\/psychotraumatolog-lubelskie.pl\/index.php?rest_route=\/wp\/v2\/pages\/157\/revisions\/450"}],"wp:attachment":[{"href":"https:\/\/psychotraumatolog-lubelskie.pl\/index.php?rest_route=%2Fwp%2Fv2%2Fmedia&parent=157"}],"curies":[{"name":"wp","href":"https:\/\/api.w.org\/{rel}","templated":true}]}}